{"id":14,"date":"2022-10-15T17:38:43","date_gmt":"2022-10-15T15:38:43","guid":{"rendered":"https:\/\/slimtech.de\/?page_id=14"},"modified":"2022-10-16T14:07:14","modified_gmt":"2022-10-16T12:07:14","slug":"kontakt","status":"publish","type":"page","link":"https:\/\/immopages.de\/","title":{"rendered":"Immopages Real Estate"},"content":{"rendered":"\n<p>Seit mehr als 20 Jahren sind wir im Immobiliengesch\u00e4ft t\u00e4tig &#8211; in allen Bereichen von der Akquisition, der Altbausanierung, dem Neubau bis hin zur Verwaltung.\u00a0Gerne f\u00fchren wir ein Gespr\u00e4ch \u00fcber die M\u00f6glichkeiten einer Zusammenarbeit.<\/p>\n\n\n\n<p>Einige Beispiele unserer Projekte <\/p>\n\n\n\n<h2 class=\"wp-block-heading\">Objekte<\/h2>\n\n\n\n<ul class=\"wp-block-list\"><li><a href=\"https:\/\/immopages.de\/index.php\/frankfurt-lahnstr-70\/\">Frankfurt: Lahnstr. 70<\/a><\/li><li><a href=\"https:\/\/immopages.de\/index.php\/frankfurt-lahnstr-72\/\">Frankfurt: Lahnstr. 72<\/a><\/li><li><a href=\"https:\/\/immopages.de\/index.php\/frankfurt-rohrbachstr-60\/\">Frankfurt: Rohrbachstr. 60<\/a><\/li><li><a href=\"https:\/\/immopages.de\/index.php\/frankfurt-schlossstr-37\/\">Frankfurt: Schlo\u00dfstr. 37<\/a><\/li><li><a href=\"https:\/\/immopages.de\/index.php\/frankfurt-wilhelmshoeher-str-84\/\">Frankfurt: Wilhelmsh\u00f6her Str 84<\/a><\/li><li><a href=\"https:\/\/immopages.de\/index.php\/mainz-parcusstr-5\/\">Mainz: Parcusstr 5<\/a><\/li><li><a href=\"https:\/\/immopages.de\/index.php\/mainz-kastel-steinernstr-63\/\">Mainz-Kastel: Steinernstr. 63<\/a><\/li><li><a href=\"https:\/\/immopages.de\/index.php\/neu-anspach-alldrink\/\">Neu-Anspach: Alldrink<\/a><\/li><li><a href=\"https:\/\/immopages.de\/index.php\/of-bieber-philipp-ullrichstr-str-144\/\">OF \u2013 Bieber: Philipp-Ullrichstr-Str. 144<\/a><\/li><li><a href=\"https:\/\/immopages.de\/index.php\/of-bieber-willi-bauer-str-18-20\/\">OF \u2013 Bieber: Willi-Bauer Str. 18-20<\/a><\/li><li><a href=\"https:\/\/immopages.de\/index.php\/of-ellenbogengasse\/\">OF: Ellenbogengasse<\/a><\/li><li><a href=\"https:\/\/immopages.de\/index.php\/of-kulturdenkmal-bunker-brunnenweg\/\">OF: Kulturdenkmal Bunker Brunnenweg<\/a><\/li><li><a href=\"https:\/\/immopages.de\/index.php\/of-mathildenstr-10\/\">OF: Mathildenstr. 10<\/a><\/li><li><a href=\"https:\/\/immopages.de\/index.php\/of-wohnanlage-green-parc\/\">OF: Wohnanlage Green Parc<\/a><\/li><li><a href=\"https:\/\/immopages.de\/index.php\/of\/\">OF: Luisenstr. 84<\/a><\/li><\/ul>\n\n\n\n<h2 class=\"wp-block-heading\">Kontakt<\/h2>\n\n\n\n<p>Schnell und einfach per Mail: info @ immopages.de<\/p>\n\n\n\n<p>Telefonisch unter 0049 &#8211; 69 &#8211; 17537900 (AB &#8211; wir rufen zur\u00fcck)&nbsp;<\/p>\n\n\n\n<p>Pers\u00f6nlich finden Sie uns im Westen von Offenbach<\/p>\n\n\n\n<p>Rathenaustr. 4&nbsp;<br>63067 Offenbach<\/p>\n\n\n\n<p><strong>Der Eingang zu unserem Laden befindet sich in der Ludwigstra\u00dfe<\/strong>!<\/p>\n\n\n\n<p>Mit dem Pkw kann die Anfahrt einfach \u00fcber die Abfahrt Kaiserlei erfolgen, dann auf der Berliner Stra\u00dfe bis zur Ludwigstr (direkt hinter Cinemaxx-Kino-Center).<\/p>\n\n\n\n<p>Mit \u00f6ffentlichen Verkehrsmitteln fahren Sie am einfachsten bis zum S-Bahnhof &#8222;Offenbach-Hauptbahnhof&#8220;. Alternativ mit der U-Bahn bis zur Haltestelle Ledermuseum.<\/p>\n\n\n\n<figure class=\"wp-block-image size-full\"><img loading=\"lazy\" decoding=\"async\" width=\"800\" height=\"407\" src=\"https:\/\/slimtech.de\/wp-content\/uploads\/2022\/10\/lageplan800_rathenau.jpg\" alt=\"\" class=\"wp-image-15\" srcset=\"https:\/\/immopages.de\/wp-content\/uploads\/2022\/10\/lageplan800_rathenau.jpg 800w, https:\/\/immopages.de\/wp-content\/uploads\/2022\/10\/lageplan800_rathenau-300x153.jpg 300w, https:\/\/immopages.de\/wp-content\/uploads\/2022\/10\/lageplan800_rathenau-768x391.jpg 768w\" sizes=\"auto, (max-width: 800px) 100vw, 800px\" \/><\/figure>\n","protected":false},"excerpt":{"rendered":"<p>Seit mehr als 20 Jahren sind wir im Immobiliengesch\u00e4ft t\u00e4tig &#8211; in allen Bereichen von der Akquisition, der Altbausanierung, dem Neubau bis hin zur Verwaltung.\u00a0Gerne f\u00fchren wir ein Gespr\u00e4ch \u00fcber die M\u00f6glichkeiten einer Zusammenarbeit. Einige Beispiele unserer Projekte Objekte Frankfurt: Lahnstr. 70 Frankfurt: Lahnstr. 72 Frankfurt: Rohrbachstr. 60 Frankfurt: Schlo\u00dfstr. 37 Frankfurt: Wilhelmsh\u00f6her Str 84 [&hellip;]<\/p>\n","protected":false},"author":1,"featured_media":22,"parent":0,"menu_order":0,"comment_status":"closed","ping_status":"closed","template":"","meta":{"ub_ctt_via":"","footnotes":""},"class_list":["post-14","page","type-page","status-publish","has-post-thumbnail","hentry"],"featured_image_src":"https:\/\/immopages.de\/wp-content\/uploads\/2022\/10\/half-way-through-1718387_1920.jpg","_links":{"self":[{"href":"https:\/\/immopages.de\/index.php\/wp-json\/wp\/v2\/pages\/14","targetHints":{"allow":["GET"]}}],"collection":[{"href":"https:\/\/immopages.de\/index.php\/wp-json\/wp\/v2\/pages"}],"about":[{"href":"https:\/\/immopages.de\/index.php\/wp-json\/wp\/v2\/types\/page"}],"author":[{"embeddable":true,"href":"https:\/\/immopages.de\/index.php\/wp-json\/wp\/v2\/users\/1"}],"replies":[{"embeddable":true,"href":"https:\/\/immopages.de\/index.php\/wp-json\/wp\/v2\/comments?post=14"}],"version-history":[{"count":5,"href":"https:\/\/immopages.de\/index.php\/wp-json\/wp\/v2\/pages\/14\/revisions"}],"predecessor-version":[{"id":119,"href":"https:\/\/immopages.de\/index.php\/wp-json\/wp\/v2\/pages\/14\/revisions\/119"}],"wp:featuredmedia":[{"embeddable":true,"href":"https:\/\/immopages.de\/index.php\/wp-json\/wp\/v2\/media\/22"}],"wp:attachment":[{"href":"https:\/\/immopages.de\/index.php\/wp-json\/wp\/v2\/media?parent=14"}],"curies":[{"name":"wp","href":"https:\/\/api.w.org\/{rel}","templated":true}]}}