{"id":30,"date":"2022-10-15T18:33:26","date_gmt":"2022-10-15T16:33:26","guid":{"rendered":"https:\/\/slimtech.de\/?page_id=30"},"modified":"2022-10-15T18:37:33","modified_gmt":"2022-10-15T16:37:33","slug":"frankfurt-lahnstr-70","status":"publish","type":"page","link":"https:\/\/immopages.de\/index.php\/frankfurt-lahnstr-70\/","title":{"rendered":"Frankfurt &#8211; Lahnstr. 70"},"content":{"rendered":"\n<figure class=\"wp-block-image size-large\"><img loading=\"lazy\" decoding=\"async\" width=\"1024\" height=\"683\" src=\"https:\/\/slimtech.de\/wp-content\/uploads\/2022\/10\/DSC_0118_DxO_ji-1024x683.jpg\" alt=\"\" class=\"wp-image-31\" srcset=\"https:\/\/immopages.de\/wp-content\/uploads\/2022\/10\/DSC_0118_DxO_ji-1024x683.jpg 1024w, https:\/\/immopages.de\/wp-content\/uploads\/2022\/10\/DSC_0118_DxO_ji-300x200.jpg 300w, https:\/\/immopages.de\/wp-content\/uploads\/2022\/10\/DSC_0118_DxO_ji-768x512.jpg 768w, https:\/\/immopages.de\/wp-content\/uploads\/2022\/10\/DSC_0118_DxO_ji-1536x1024.jpg 1536w, https:\/\/immopages.de\/wp-content\/uploads\/2022\/10\/DSC_0118_DxO_ji-2048x1365.jpg 2048w\" sizes=\"auto, (max-width: 1024px) 100vw, 1024px\" \/><\/figure>\n\n\n\n<p>Mitten im dynamisch wachsenden Gallus-Viertel liegt Lahn70 &#8211; eine modernisierte Anlage in zentraler und ruhiger Lage.<\/p>\n\n\n\n<p>Unm\u00f6blierte oder m\u00f6blierte Komfort-Appartments warten auf Sie<\/p>\n\n\n\n<p>Im Erdgescho\u00df bietet das restaurant LaStrada leckere italienische K\u00fcche.<\/p>\n\n\n\n<p>Betrachten Sie auch das <a href=\"https:\/\/www.youtube.com\/watch?v=gt5WbejigeM\" target=\"_blank\" rel=\"noreferrer noopener\">Youtube &#8211; Video<\/a><\/p>\n\n\n\n<figure class=\"wp-block-image size-large\"><img loading=\"lazy\" decoding=\"async\" width=\"1024\" height=\"568\" src=\"https:\/\/slimtech.de\/wp-content\/uploads\/2022\/10\/lahnstr-RMV-1024x568.jpg\" alt=\"\" class=\"wp-image-33\" srcset=\"https:\/\/immopages.de\/wp-content\/uploads\/2022\/10\/lahnstr-RMV-1024x568.jpg 1024w, https:\/\/immopages.de\/wp-content\/uploads\/2022\/10\/lahnstr-RMV-300x166.jpg 300w, https:\/\/immopages.de\/wp-content\/uploads\/2022\/10\/lahnstr-RMV-768x426.jpg 768w, https:\/\/immopages.de\/wp-content\/uploads\/2022\/10\/lahnstr-RMV-1536x851.jpg 1536w, https:\/\/immopages.de\/wp-content\/uploads\/2022\/10\/lahnstr-RMV-2048x1135.jpg 2048w\" sizes=\"auto, (max-width: 1024px) 100vw, 1024px\" \/><\/figure>\n\n\n\n<figure class=\"wp-block-gallery has-nested-images columns-default is-cropped wp-block-gallery-1 is-layout-flex wp-block-gallery-is-layout-flex\">\n<figure class=\"wp-block-image size-large\"><img loading=\"lazy\" decoding=\"async\" width=\"1024\" height=\"768\" data-id=\"32\" src=\"https:\/\/slimtech.de\/wp-content\/uploads\/2022\/10\/PB200100_ji-1024x768.jpg\" alt=\"\" class=\"wp-image-32\" srcset=\"https:\/\/immopages.de\/wp-content\/uploads\/2022\/10\/PB200100_ji-1024x768.jpg 1024w, https:\/\/immopages.de\/wp-content\/uploads\/2022\/10\/PB200100_ji-300x225.jpg 300w, https:\/\/immopages.de\/wp-content\/uploads\/2022\/10\/PB200100_ji-768x576.jpg 768w, https:\/\/immopages.de\/wp-content\/uploads\/2022\/10\/PB200100_ji-1536x1152.jpg 1536w, https:\/\/immopages.de\/wp-content\/uploads\/2022\/10\/PB200100_ji.jpg 2048w\" sizes=\"auto, (max-width: 1024px) 100vw, 1024px\" \/><figcaption>OLYMPUS DIGITAL CAMERA<\/figcaption><\/figure>\n<\/figure>\n","protected":false},"excerpt":{"rendered":"<p>Mitten im dynamisch wachsenden Gallus-Viertel liegt Lahn70 &#8211; eine modernisierte Anlage in zentraler und ruhiger Lage. Unm\u00f6blierte oder m\u00f6blierte Komfort-Appartments warten auf Sie Im Erdgescho\u00df bietet das restaurant LaStrada leckere italienische K\u00fcche. Betrachten Sie auch das Youtube &#8211; Video<\/p>\n","protected":false},"author":1,"featured_media":0,"parent":0,"menu_order":0,"comment_status":"closed","ping_status":"closed","template":"","meta":{"ub_ctt_via":"","footnotes":""},"class_list":["post-30","page","type-page","status-publish","hentry"],"featured_image_src":null,"_links":{"self":[{"href":"https:\/\/immopages.de\/index.php\/wp-json\/wp\/v2\/pages\/30","targetHints":{"allow":["GET"]}}],"collection":[{"href":"https:\/\/immopages.de\/index.php\/wp-json\/wp\/v2\/pages"}],"about":[{"href":"https:\/\/immopages.de\/index.php\/wp-json\/wp\/v2\/types\/page"}],"author":[{"embeddable":true,"href":"https:\/\/immopages.de\/index.php\/wp-json\/wp\/v2\/users\/1"}],"replies":[{"embeddable":true,"href":"https:\/\/immopages.de\/index.php\/wp-json\/wp\/v2\/comments?post=30"}],"version-history":[{"count":4,"href":"https:\/\/immopages.de\/index.php\/wp-json\/wp\/v2\/pages\/30\/revisions"}],"predecessor-version":[{"id":37,"href":"https:\/\/immopages.de\/index.php\/wp-json\/wp\/v2\/pages\/30\/revisions\/37"}],"wp:attachment":[{"href":"https:\/\/immopages.de\/index.php\/wp-json\/wp\/v2\/media?parent=30"}],"curies":[{"name":"wp","href":"https:\/\/api.w.org\/{rel}","templated":true}]}}