{"id":38,"date":"2022-10-15T18:40:02","date_gmt":"2022-10-15T16:40:02","guid":{"rendered":"https:\/\/slimtech.de\/?page_id=38"},"modified":"2022-10-15T18:40:02","modified_gmt":"2022-10-15T16:40:02","slug":"frankfurt-lahnstr-72","status":"publish","type":"page","link":"https:\/\/immopages.de\/index.php\/frankfurt-lahnstr-72\/","title":{"rendered":"Frankfurt &#8211; Lahnstr. 72"},"content":{"rendered":"\n<figure class=\"wp-block-image size-large\"><img loading=\"lazy\" decoding=\"async\" width=\"703\" height=\"1024\" src=\"https:\/\/slimtech.de\/wp-content\/uploads\/2022\/10\/DSC_0102_opt_ShiftN-703x1024.jpg\" alt=\"\" class=\"wp-image-39\" srcset=\"https:\/\/immopages.de\/wp-content\/uploads\/2022\/10\/DSC_0102_opt_ShiftN-703x1024.jpg 703w, https:\/\/immopages.de\/wp-content\/uploads\/2022\/10\/DSC_0102_opt_ShiftN-206x300.jpg 206w, https:\/\/immopages.de\/wp-content\/uploads\/2022\/10\/DSC_0102_opt_ShiftN-768x1119.jpg 768w, https:\/\/immopages.de\/wp-content\/uploads\/2022\/10\/DSC_0102_opt_ShiftN-1054x1536.jpg 1054w, https:\/\/immopages.de\/wp-content\/uploads\/2022\/10\/DSC_0102_opt_ShiftN-1406x2048.jpg 1406w, https:\/\/immopages.de\/wp-content\/uploads\/2022\/10\/DSC_0102_opt_ShiftN.jpg 1444w\" sizes=\"auto, (max-width: 703px) 100vw, 703px\" \/><\/figure>\n\n\n\n<p>Ein kleines aber sch\u00f6nes historisches Geb\u00e4ude im Herzen des Gallus &#8211; bestens angebunden und mit allen M\u00f6glichkeiten in greifbarer N\u00e4he<\/p>\n\n\n\n<figure class=\"wp-block-image size-large\"><img loading=\"lazy\" decoding=\"async\" width=\"1024\" height=\"568\" src=\"https:\/\/slimtech.de\/wp-content\/uploads\/2022\/10\/lahnstr-RMV-1024x568.jpg\" alt=\"\" class=\"wp-image-33\" srcset=\"https:\/\/immopages.de\/wp-content\/uploads\/2022\/10\/lahnstr-RMV-1024x568.jpg 1024w, https:\/\/immopages.de\/wp-content\/uploads\/2022\/10\/lahnstr-RMV-300x166.jpg 300w, https:\/\/immopages.de\/wp-content\/uploads\/2022\/10\/lahnstr-RMV-768x426.jpg 768w, https:\/\/immopages.de\/wp-content\/uploads\/2022\/10\/lahnstr-RMV-1536x851.jpg 1536w, https:\/\/immopages.de\/wp-content\/uploads\/2022\/10\/lahnstr-RMV-2048x1135.jpg 2048w\" sizes=\"auto, (max-width: 1024px) 100vw, 1024px\" \/><\/figure>\n","protected":false},"excerpt":{"rendered":"<p>Ein kleines aber sch\u00f6nes historisches Geb\u00e4ude im Herzen des Gallus &#8211; bestens angebunden und mit allen M\u00f6glichkeiten in greifbarer N\u00e4he<\/p>\n","protected":false},"author":1,"featured_media":0,"parent":0,"menu_order":0,"comment_status":"closed","ping_status":"closed","template":"","meta":{"ub_ctt_via":"","footnotes":""},"class_list":["post-38","page","type-page","status-publish","hentry"],"featured_image_src":null,"_links":{"self":[{"href":"https:\/\/immopages.de\/index.php\/wp-json\/wp\/v2\/pages\/38","targetHints":{"allow":["GET"]}}],"collection":[{"href":"https:\/\/immopages.de\/index.php\/wp-json\/wp\/v2\/pages"}],"about":[{"href":"https:\/\/immopages.de\/index.php\/wp-json\/wp\/v2\/types\/page"}],"author":[{"embeddable":true,"href":"https:\/\/immopages.de\/index.php\/wp-json\/wp\/v2\/users\/1"}],"replies":[{"embeddable":true,"href":"https:\/\/immopages.de\/index.php\/wp-json\/wp\/v2\/comments?post=38"}],"version-history":[{"count":1,"href":"https:\/\/immopages.de\/index.php\/wp-json\/wp\/v2\/pages\/38\/revisions"}],"predecessor-version":[{"id":40,"href":"https:\/\/immopages.de\/index.php\/wp-json\/wp\/v2\/pages\/38\/revisions\/40"}],"wp:attachment":[{"href":"https:\/\/immopages.de\/index.php\/wp-json\/wp\/v2\/media?parent=38"}],"curies":[{"name":"wp","href":"https:\/\/api.w.org\/{rel}","templated":true}]}}