{"id":41,"date":"2022-10-15T18:43:13","date_gmt":"2022-10-15T16:43:13","guid":{"rendered":"https:\/\/slimtech.de\/?page_id=41"},"modified":"2022-10-15T18:43:13","modified_gmt":"2022-10-15T16:43:13","slug":"frankfurt-schlossstr-37","status":"publish","type":"page","link":"https:\/\/immopages.de\/index.php\/frankfurt-schlossstr-37\/","title":{"rendered":"Frankfurt &#8211; Schlo\u00dfstr. 37"},"content":{"rendered":"\n<figure class=\"wp-block-image size-full\"><img loading=\"lazy\" decoding=\"async\" width=\"826\" height=\"1006\" src=\"https:\/\/slimtech.de\/wp-content\/uploads\/2022\/10\/IMG_20220912-1000.jpg\" alt=\"\" class=\"wp-image-42\" srcset=\"https:\/\/immopages.de\/wp-content\/uploads\/2022\/10\/IMG_20220912-1000.jpg 826w, https:\/\/immopages.de\/wp-content\/uploads\/2022\/10\/IMG_20220912-1000-246x300.jpg 246w, https:\/\/immopages.de\/wp-content\/uploads\/2022\/10\/IMG_20220912-1000-768x935.jpg 768w\" sizes=\"auto, (max-width: 826px) 100vw, 826px\" \/><figcaption>\/<\/figcaption><\/figure>\n\n\n\n<p>Green Garden Living &#8211; zentral und urban, aber doch voller Gr\u00fcn<\/p>\n\n\n\n<p>Die Schlo\u00dfstr. 37 liegt zentral im Stadtteil Frankfurt-Bockenheim. Bis zur S-Bahn und U-Bahn sind es nur wenige&nbsp;Fu\u00dfminuten.<\/p>\n\n\n\n<p>Die Wohnungen zeichnen sich durch einen hervorragenden Schnitt aus.<\/p>\n\n\n\n<figure class=\"wp-block-image size-full\"><img loading=\"lazy\" decoding=\"async\" width=\"500\" height=\"300\" src=\"https:\/\/slimtech.de\/wp-content\/uploads\/2022\/10\/lageplan.png\" alt=\"\" class=\"wp-image-43\" srcset=\"https:\/\/immopages.de\/wp-content\/uploads\/2022\/10\/lageplan.png 500w, https:\/\/immopages.de\/wp-content\/uploads\/2022\/10\/lageplan-300x180.png 300w\" sizes=\"auto, (max-width: 500px) 100vw, 500px\" \/><\/figure>\n","protected":false},"excerpt":{"rendered":"<p>Green Garden Living &#8211; zentral und urban, aber doch voller Gr\u00fcn Die Schlo\u00dfstr. 37 liegt zentral im Stadtteil Frankfurt-Bockenheim. Bis zur S-Bahn und U-Bahn sind es nur wenige&nbsp;Fu\u00dfminuten. Die Wohnungen zeichnen sich durch einen hervorragenden Schnitt aus.<\/p>\n","protected":false},"author":1,"featured_media":0,"parent":0,"menu_order":0,"comment_status":"closed","ping_status":"closed","template":"","meta":{"ub_ctt_via":"","footnotes":""},"class_list":["post-41","page","type-page","status-publish","hentry"],"featured_image_src":null,"_links":{"self":[{"href":"https:\/\/immopages.de\/index.php\/wp-json\/wp\/v2\/pages\/41","targetHints":{"allow":["GET"]}}],"collection":[{"href":"https:\/\/immopages.de\/index.php\/wp-json\/wp\/v2\/pages"}],"about":[{"href":"https:\/\/immopages.de\/index.php\/wp-json\/wp\/v2\/types\/page"}],"author":[{"embeddable":true,"href":"https:\/\/immopages.de\/index.php\/wp-json\/wp\/v2\/users\/1"}],"replies":[{"embeddable":true,"href":"https:\/\/immopages.de\/index.php\/wp-json\/wp\/v2\/comments?post=41"}],"version-history":[{"count":1,"href":"https:\/\/immopages.de\/index.php\/wp-json\/wp\/v2\/pages\/41\/revisions"}],"predecessor-version":[{"id":44,"href":"https:\/\/immopages.de\/index.php\/wp-json\/wp\/v2\/pages\/41\/revisions\/44"}],"wp:attachment":[{"href":"https:\/\/immopages.de\/index.php\/wp-json\/wp\/v2\/media?parent=41"}],"curies":[{"name":"wp","href":"https:\/\/api.w.org\/{rel}","templated":true}]}}