{"id":49,"date":"2022-10-15T18:48:43","date_gmt":"2022-10-15T16:48:43","guid":{"rendered":"https:\/\/slimtech.de\/?page_id=49"},"modified":"2022-10-15T18:48:43","modified_gmt":"2022-10-15T16:48:43","slug":"mainz-parcusstr-5","status":"publish","type":"page","link":"https:\/\/immopages.de\/index.php\/mainz-parcusstr-5\/","title":{"rendered":"Mainz &#8211; Parcusstr 5"},"content":{"rendered":"\n<figure class=\"wp-block-image size-full\"><img loading=\"lazy\" decoding=\"async\" width=\"526\" height=\"800\" src=\"https:\/\/slimtech.de\/wp-content\/uploads\/2022\/10\/IMG_20220227_114944_OPT-800.jpg\" alt=\"\" class=\"wp-image-50\" srcset=\"https:\/\/immopages.de\/wp-content\/uploads\/2022\/10\/IMG_20220227_114944_OPT-800.jpg 526w, https:\/\/immopages.de\/wp-content\/uploads\/2022\/10\/IMG_20220227_114944_OPT-800-197x300.jpg 197w\" sizes=\"auto, (max-width: 526px) 100vw, 526px\" \/><\/figure>\n\n\n\n<p>Das Haus liegt ganz in der N\u00e4he vom Hauptbahnhof, g\u00fcnstig zur Innenstadt, Musikhochschule, Klinik und zur Universit\u00e4t.<\/p>\n\n\n\n<p>Genaue Lage bei :&nbsp;<a href=\"http:\/\/link2.map24.com\/?lid=195b1ddf&amp;maptype=JAVA&amp;width0=750&amp;street0=Parcusstr.+5&amp;zip0=55116&amp;city0=Mainz&amp;country0=de&amp;description0=Parcusstr\">Map24<\/a>.<\/p>\n\n\n\n<p>Es ist ein sanierter Altbau aus der Jahrhundertwende. Di ebekannte Autorin Anna-Seghers wurde hier geboren.<\/p>\n\n\n\n<p>Fahrrad-Garage und -Keller, Sitzplatz im Innenhof zur allgemeinen Nutzung.<\/p>\n\n\n","protected":false},"excerpt":{"rendered":"<p>Das Haus liegt ganz in der N\u00e4he vom Hauptbahnhof, g\u00fcnstig zur Innenstadt, Musikhochschule, Klinik und zur Universit\u00e4t. Genaue Lage bei :&nbsp;Map24. Es ist ein sanierter Altbau aus der Jahrhundertwende. Di ebekannte Autorin Anna-Seghers wurde hier geboren. Fahrrad-Garage und -Keller, Sitzplatz im Innenhof zur allgemeinen Nutzung.<\/p>\n","protected":false},"author":1,"featured_media":0,"parent":0,"menu_order":0,"comment_status":"closed","ping_status":"closed","template":"","meta":{"ub_ctt_via":"","footnotes":""},"class_list":["post-49","page","type-page","status-publish","hentry"],"featured_image_src":null,"_links":{"self":[{"href":"https:\/\/immopages.de\/index.php\/wp-json\/wp\/v2\/pages\/49","targetHints":{"allow":["GET"]}}],"collection":[{"href":"https:\/\/immopages.de\/index.php\/wp-json\/wp\/v2\/pages"}],"about":[{"href":"https:\/\/immopages.de\/index.php\/wp-json\/wp\/v2\/types\/page"}],"author":[{"embeddable":true,"href":"https:\/\/immopages.de\/index.php\/wp-json\/wp\/v2\/users\/1"}],"replies":[{"embeddable":true,"href":"https:\/\/immopages.de\/index.php\/wp-json\/wp\/v2\/comments?post=49"}],"version-history":[{"count":1,"href":"https:\/\/immopages.de\/index.php\/wp-json\/wp\/v2\/pages\/49\/revisions"}],"predecessor-version":[{"id":51,"href":"https:\/\/immopages.de\/index.php\/wp-json\/wp\/v2\/pages\/49\/revisions\/51"}],"wp:attachment":[{"href":"https:\/\/immopages.de\/index.php\/wp-json\/wp\/v2\/media?parent=49"}],"curies":[{"name":"wp","href":"https:\/\/api.w.org\/{rel}","templated":true}]}}