{"id":83,"date":"2022-10-15T19:26:22","date_gmt":"2022-10-15T17:26:22","guid":{"rendered":"https:\/\/slimtech.de\/?page_id=83"},"modified":"2022-10-15T19:26:22","modified_gmt":"2022-10-15T17:26:22","slug":"of-bieber-philipp-ullrichstr-str-144","status":"publish","type":"page","link":"https:\/\/immopages.de\/index.php\/of-bieber-philipp-ullrichstr-str-144\/","title":{"rendered":"OF &#8211; Bieber: Philipp-Ullrichstr-Str. 144"},"content":{"rendered":"\n<figure class=\"wp-block-image size-large\"><img loading=\"lazy\" decoding=\"async\" width=\"1024\" height=\"820\" src=\"https:\/\/slimtech.de\/wp-content\/uploads\/2022\/10\/ausen-IMG_20210521_171627-1024x820.jpg\" alt=\"\" class=\"wp-image-85\" srcset=\"https:\/\/immopages.de\/wp-content\/uploads\/2022\/10\/ausen-IMG_20210521_171627-1024x820.jpg 1024w, https:\/\/immopages.de\/wp-content\/uploads\/2022\/10\/ausen-IMG_20210521_171627-300x240.jpg 300w, https:\/\/immopages.de\/wp-content\/uploads\/2022\/10\/ausen-IMG_20210521_171627-768x615.jpg 768w, https:\/\/immopages.de\/wp-content\/uploads\/2022\/10\/ausen-IMG_20210521_171627.jpg 1070w\" sizes=\"auto, (max-width: 1024px) 100vw, 1024px\" \/><\/figure>\n\n\n\n<p>Der 2021 fertig gestellte Neubau mit 14 Wohnungen erf\u00fcllt alle W\u00fcnsche an modernes Wohnen. Gro\u00dfz\u00fcgige Schnitte, gro\u00dfe Fenster, D\u00e4mmung nach neuesten Standard und eine Tiefgarage mit Elektroanschl\u00fcssen lassen keine W\u00fcnsche offen.<\/p>\n","protected":false},"excerpt":{"rendered":"<p>Der 2021 fertig gestellte Neubau mit 14 Wohnungen erf\u00fcllt alle W\u00fcnsche an modernes Wohnen. Gro\u00dfz\u00fcgige Schnitte, gro\u00dfe Fenster, D\u00e4mmung nach neuesten Standard und eine Tiefgarage mit Elektroanschl\u00fcssen lassen keine W\u00fcnsche offen.<\/p>\n","protected":false},"author":1,"featured_media":0,"parent":0,"menu_order":0,"comment_status":"closed","ping_status":"closed","template":"","meta":{"ub_ctt_via":"","footnotes":""},"class_list":["post-83","page","type-page","status-publish","hentry"],"featured_image_src":null,"_links":{"self":[{"href":"https:\/\/immopages.de\/index.php\/wp-json\/wp\/v2\/pages\/83","targetHints":{"allow":["GET"]}}],"collection":[{"href":"https:\/\/immopages.de\/index.php\/wp-json\/wp\/v2\/pages"}],"about":[{"href":"https:\/\/immopages.de\/index.php\/wp-json\/wp\/v2\/types\/page"}],"author":[{"embeddable":true,"href":"https:\/\/immopages.de\/index.php\/wp-json\/wp\/v2\/users\/1"}],"replies":[{"embeddable":true,"href":"https:\/\/immopages.de\/index.php\/wp-json\/wp\/v2\/comments?post=83"}],"version-history":[{"count":1,"href":"https:\/\/immopages.de\/index.php\/wp-json\/wp\/v2\/pages\/83\/revisions"}],"predecessor-version":[{"id":86,"href":"https:\/\/immopages.de\/index.php\/wp-json\/wp\/v2\/pages\/83\/revisions\/86"}],"wp:attachment":[{"href":"https:\/\/immopages.de\/index.php\/wp-json\/wp\/v2\/media?parent=83"}],"curies":[{"name":"wp","href":"https:\/\/api.w.org\/{rel}","templated":true}]}}