{"id":87,"date":"2022-10-15T19:31:59","date_gmt":"2022-10-15T17:31:59","guid":{"rendered":"https:\/\/slimtech.de\/?page_id=87"},"modified":"2022-10-15T19:31:59","modified_gmt":"2022-10-15T17:31:59","slug":"of-bieber-willi-bauer-str-18-20","status":"publish","type":"page","link":"https:\/\/immopages.de\/index.php\/of-bieber-willi-bauer-str-18-20\/","title":{"rendered":"OF &#8211; Bieber: Willi-Bauer Str. 18-20"},"content":{"rendered":"\n<figure class=\"wp-block-image size-full\"><img loading=\"lazy\" decoding=\"async\" width=\"1001\" height=\"473\" src=\"https:\/\/slimtech.de\/wp-content\/uploads\/2022\/10\/aussen-IMG_20221004_130851.jpg\" alt=\"\" class=\"wp-image-88\" srcset=\"https:\/\/immopages.de\/wp-content\/uploads\/2022\/10\/aussen-IMG_20221004_130851.jpg 1001w, https:\/\/immopages.de\/wp-content\/uploads\/2022\/10\/aussen-IMG_20221004_130851-300x142.jpg 300w, https:\/\/immopages.de\/wp-content\/uploads\/2022\/10\/aussen-IMG_20221004_130851-768x363.jpg 768w\" sizes=\"auto, (max-width: 1001px) 100vw, 1001px\" \/><\/figure>\n\n\n\n<p>Im Oktober 2022 wird der zweite Neubau in Bieber Nord fertig. Auch hier verbinden sich gro\u00dfz\u00fcgige Schnitte, gro\u00dffl\u00e4chige Fenster, eine energetische Konzeption nach aktuellem Standard und eine gro\u00dfe Tiefgarage zu einem gesamten gro\u00dfz\u00fcgigen Wohnprojekt. <\/p>\n\n\n\n<p>Die S-Bahn liegt nur 100 m entfernt, mit der sie schnellstens in Offenbach und Frankfurt sowie auch am Flughafen sind.<\/p>\n","protected":false},"excerpt":{"rendered":"<p>Im Oktober 2022 wird der zweite Neubau in Bieber Nord fertig. Auch hier verbinden sich gro\u00dfz\u00fcgige Schnitte, gro\u00dffl\u00e4chige Fenster, eine energetische Konzeption nach aktuellem Standard und eine gro\u00dfe Tiefgarage zu einem gesamten gro\u00dfz\u00fcgigen Wohnprojekt. Die S-Bahn liegt nur 100 m entfernt, mit der sie schnellstens in Offenbach und Frankfurt sowie auch am Flughafen sind.<\/p>\n","protected":false},"author":1,"featured_media":0,"parent":0,"menu_order":0,"comment_status":"closed","ping_status":"closed","template":"","meta":{"ub_ctt_via":"","footnotes":""},"class_list":["post-87","page","type-page","status-publish","hentry"],"featured_image_src":null,"_links":{"self":[{"href":"https:\/\/immopages.de\/index.php\/wp-json\/wp\/v2\/pages\/87","targetHints":{"allow":["GET"]}}],"collection":[{"href":"https:\/\/immopages.de\/index.php\/wp-json\/wp\/v2\/pages"}],"about":[{"href":"https:\/\/immopages.de\/index.php\/wp-json\/wp\/v2\/types\/page"}],"author":[{"embeddable":true,"href":"https:\/\/immopages.de\/index.php\/wp-json\/wp\/v2\/users\/1"}],"replies":[{"embeddable":true,"href":"https:\/\/immopages.de\/index.php\/wp-json\/wp\/v2\/comments?post=87"}],"version-history":[{"count":1,"href":"https:\/\/immopages.de\/index.php\/wp-json\/wp\/v2\/pages\/87\/revisions"}],"predecessor-version":[{"id":89,"href":"https:\/\/immopages.de\/index.php\/wp-json\/wp\/v2\/pages\/87\/revisions\/89"}],"wp:attachment":[{"href":"https:\/\/immopages.de\/index.php\/wp-json\/wp\/v2\/media?parent=87"}],"curies":[{"name":"wp","href":"https:\/\/api.w.org\/{rel}","templated":true}]}}